{"id":44,"date":"2025-04-03T04:00:03","date_gmt":"2025-04-03T04:00:03","guid":{"rendered":"https:\/\/surfxperience.pe\/?page_id=44"},"modified":"2025-06-12T12:27:18","modified_gmt":"2025-06-12T17:27:18","slug":"contactanos","status":"publish","type":"page","link":"https:\/\/surfxperience.pe\/en\/contactanos\/","title":{"rendered":"Contact us"},"content":{"rendered":"<div data-elementor-type=\"wp-page\" data-elementor-id=\"44\" class=\"elementor elementor-44\" data-elementor-post-type=\"page\">\n\t\t\t\t<div class=\"e-con-top elementor-element elementor-element-7e5ffc5 e-flex e-con-boxed e-con e-parent\" data-id=\"7e5ffc5\" data-element_type=\"container\" data-e-type=\"container\" data-settings=\"{&quot;background_background&quot;:&quot;classic&quot;}\">\n\t\t\t\t\t<div class=\"e-con-inner\">\n\t\t<div class=\"elementor-element elementor-element-5633196 e-con-full e-flex e-con e-child\" data-id=\"5633196\" data-element_type=\"container\" data-e-type=\"container\">\n\t\t\t\t<\/div>\n\t\t<div class=\"elementor-element elementor-element-5e42b6e e-con-full e-flex e-con e-child\" data-id=\"5e42b6e\" data-element_type=\"container\" data-e-type=\"container\">\n\t\t\t\t<div class=\"elementor-element elementor-element-a7e1a1b elementor-absolute elementor-widget-mobile__width-initial elementor-widget elementor-widget-image\" data-id=\"a7e1a1b\" data-element_type=\"widget\" data-e-type=\"widget\" data-settings=\"{&quot;_position&quot;:&quot;absolute&quot;}\" data-widget_type=\"image.default\">\n\t\t\t\t<div class=\"elementor-widget-container\">\n\t\t\t\t\t\t\t\t\t\t\t\t\t\t\t<img fetchpriority=\"high\" decoding=\"async\" width=\"429\" height=\"189\" src=\"https:\/\/surfxperience.pe\/wp-content\/uploads\/2025\/04\/SURF-1-1.svg\" class=\"attachment-full size-full wp-image-1343\" alt=\"\" \/>\t\t\t\t\t\t\t\t\t\t\t\t\t\t\t<\/div>\n\t\t\t\t<\/div>\n\t\t\t\t<div class=\"elementor-element elementor-element-db8dd6b elementor-widget__width-initial elementor-absolute elementor-widget elementor-widget-image\" data-id=\"db8dd6b\" data-element_type=\"widget\" data-e-type=\"widget\" data-settings=\"{&quot;_position&quot;:&quot;absolute&quot;}\" data-widget_type=\"image.default\">\n\t\t\t\t<div class=\"elementor-widget-container\">\n\t\t\t\t\t\t\t\t\t\t\t\t\t\t\t<img decoding=\"async\" width=\"897\" height=\"180\" src=\"https:\/\/surfxperience.pe\/wp-content\/uploads\/2025\/04\/XPERIENCE-1-1.svg\" class=\"attachment-full size-full wp-image-1344\" alt=\"\" \/>\t\t\t\t\t\t\t\t\t\t\t\t\t\t\t<\/div>\n\t\t\t\t<\/div>\n\t\t\t\t<div class=\"elementor-element elementor-element-f18265f elementor-widget elementor-widget-heading\" data-id=\"f18265f\" data-element_type=\"widget\" data-e-type=\"widget\" data-widget_type=\"heading.default\">\n\t\t\t\t<div class=\"elementor-widget-container\">\n\t\t\t\t\t<h2 class=\"elementor-heading-title elementor-size-default\">CONT\u00c1CTANOS<\/h2>\t\t\t\t<\/div>\n\t\t\t\t<\/div>\n\t\t\t\t<div class=\"elementor-element elementor-element-343ef13 elementor-widget elementor-widget-text-editor\" data-id=\"343ef13\" data-element_type=\"widget\" data-e-type=\"widget\" data-widget_type=\"text-editor.default\">\n\t\t\t\t<div class=\"elementor-widget-container\">\n\t\t\t\t\t\t\t\t\tEscr\u00edbenos y obt\u00e9n m\u00e1s informaci\u00f3n\t\t\t\t\t\t\t\t<\/div>\n\t\t\t\t<\/div>\n\t\t\t\t<div class=\"elementor-element elementor-element-b0adfe3 elementor-mobile-align-center elementor-icon-list--layout-traditional elementor-list-item-link-full_width elementor-widget elementor-widget-icon-list\" data-id=\"b0adfe3\" data-element_type=\"widget\" data-e-type=\"widget\" data-widget_type=\"icon-list.default\">\n\t\t\t\t<div class=\"elementor-widget-container\">\n\t\t\t\t\t\t\t<ul class=\"elementor-icon-list-items\">\n\t\t\t\t\t\t\t<li class=\"elementor-icon-list-item\">\n\t\t\t\t\t\t\t\t\t\t\t<a href=\"https:\/\/wa.link\/a1pi4o\" target=\"_blank\">\n\n\t\t\t\t\t\t\t\t\t\t\t\t<span class=\"elementor-icon-list-icon\">\n\t\t\t\t\t\t\t<svg xmlns=\"http:\/\/www.w3.org\/2000\/svg\" width=\"30\" height=\"30\" viewbox=\"0 0 30 30\" fill=\"none\"><path fill-rule=\"evenodd\" clip-rule=\"evenodd\" d=\"M2.68551 26.2127C2.58494 26.5778 2.91742 26.9147 3.28377 26.819L8.94695 25.3398C10.7346 26.3081 12.7472 26.8225 14.7964 26.8225H14.8025C21.5457 26.8225 27.0425 21.3576 27.0425 14.6399C27.0425 11.384 25.7715 8.3216 23.461 6.02179C21.1505 3.72209 18.0798 2.45117 14.8024 2.45117C8.05929 2.45117 2.5625 7.91611 2.5625 14.6339C2.56173 16.771 3.12582 18.8706 4.19813 20.7221L2.68551 26.2127ZM10.9231 8.80578C11.148 8.81181 11.3973 8.82397 11.6345 9.35052C11.7918 9.70105 12.0568 10.3464 12.2727 10.872C12.4406 11.2811 12.5789 11.6177 12.6135 11.6866C12.6925 11.8439 12.7411 12.0255 12.6378 12.2373C12.6256 12.2622 12.6141 12.2861 12.603 12.3091C12.5201 12.4812 12.4611 12.6037 12.3216 12.7638C12.2643 12.8296 12.2046 12.9018 12.1451 12.9737C12.0404 13.1002 11.9364 13.2258 11.8473 13.3146C11.6893 13.4718 11.525 13.6414 11.7074 13.9561C11.8899 14.2707 12.5284 15.3056 13.4708 16.1408C14.4841 17.0429 15.3652 17.423 15.8105 17.6152C15.897 17.6525 15.9671 17.6827 16.0185 17.7083C16.3347 17.8657 16.5232 17.8414 16.7056 17.6297C16.8881 17.4178 17.496 16.7097 17.7089 16.395C17.9156 16.0803 18.1284 16.1288 18.4203 16.2377C18.7122 16.3466 20.2687 17.1091 20.5849 17.2665C20.6474 17.2976 20.7058 17.3256 20.76 17.3516C20.98 17.4571 21.1295 17.5288 21.193 17.6357C21.272 17.7688 21.272 18.3982 21.0106 19.1366C20.7431 19.8749 19.454 20.583 18.8702 20.6375C18.815 20.6427 18.76 20.6493 18.7034 20.6562C18.1684 20.7209 17.4893 20.803 15.0699 19.8507C12.0887 18.6784 10.1208 15.7697 9.72294 15.1816C9.69153 15.1352 9.6699 15.1032 9.65834 15.0877L9.65161 15.0787C9.4706 14.8365 8.36317 13.3547 8.36317 11.8258C8.36317 10.3631 9.08374 9.60156 9.4124 9.2542C9.43323 9.23219 9.45249 9.21184 9.46988 9.19308C9.7617 8.87842 10.1023 8.79975 10.3151 8.79975C10.5279 8.79975 10.7407 8.79975 10.9231 8.80578Z\" fill=\"#0C1A1F\"><\/path><\/svg>\t\t\t\t\t\t<\/span>\n\t\t\t\t\t\t\t\t\t\t<span class=\"elementor-icon-list-text\">+51 943 284 072<\/span>\n\t\t\t\t\t\t\t\t\t\t\t<\/a>\n\t\t\t\t\t\t\t\t\t<\/li>\n\t\t\t\t\t\t\t\t<li class=\"elementor-icon-list-item\">\n\t\t\t\t\t\t\t\t\t\t\t<a href=\"mailto:info@surfxperienceschool.com\">\n\n\t\t\t\t\t\t\t\t\t\t\t\t<span class=\"elementor-icon-list-icon\">\n\t\t\t\t\t\t\t<svg xmlns=\"http:\/\/www.w3.org\/2000\/svg\" width=\"30\" height=\"30\" viewbox=\"0 0 30 30\" fill=\"none\"><g id=\"mail\"><mask id=\"mask0_1969_2132\" style=\"mask-type:alpha\" maskunits=\"userSpaceOnUse\" x=\"0\" y=\"0\" width=\"30\" height=\"30\"><rect id=\"Bounding box\" y=\"0.492188\" width=\"29.5\" height=\"29.5\" fill=\"#D9D9D9\"><\/rect><\/mask><g mask=\"url(#mask0_1969_2132)\"><path id=\"mail_2\" d=\"M4.91732 25.0749C4.24128 25.0749 3.66254 24.8342 3.18112 24.3527C2.6997 23.8713 2.45898 23.2926 2.45898 22.6165V7.86654C2.45898 7.19049 2.6997 6.61176 3.18112 6.13034C3.66254 5.64891 4.24128 5.4082 4.91732 5.4082H24.584C25.26 5.4082 25.8388 5.64891 26.3202 6.13034C26.8016 6.61176 27.0423 7.19049 27.0423 7.86654V22.6165C27.0423 23.2926 26.8016 23.8713 26.3202 24.3527C25.8388 24.8342 25.26 25.0749 24.584 25.0749H4.91732ZM14.7507 16.2556C14.8531 16.2556 14.9606 16.2402 15.0733 16.2095C15.186 16.1788 15.2935 16.1327 15.396 16.0712L24.0923 10.6322C24.2562 10.5297 24.3791 10.4017 24.4611 10.248C24.543 10.0944 24.584 9.92539 24.584 9.74102C24.584 9.33129 24.4099 9.024 24.0616 8.81914C23.7133 8.61428 23.3548 8.62452 22.9861 8.84987L14.7507 14.0124L6.51523 8.84987C6.14648 8.62452 5.78798 8.6194 5.43971 8.83451C5.09145 9.04961 4.91732 9.35178 4.91732 9.74102C4.91732 9.94588 4.95829 10.1251 5.04023 10.2788C5.12218 10.4324 5.2451 10.5502 5.40898 10.6322L14.1053 16.0712C14.2078 16.1327 14.3153 16.1788 14.428 16.2095C14.5407 16.2402 14.6482 16.2556 14.7507 16.2556Z\" fill=\"#0C1A1F\"><\/path><\/g><\/g><\/svg>\t\t\t\t\t\t<\/span>\n\t\t\t\t\t\t\t\t\t\t<span class=\"elementor-icon-list-text\"><span style=\"text-decoration: underline\">info@surfxperienceschool.com<\/span><\/span>\n\t\t\t\t\t\t\t\t\t\t\t<\/a>\n\t\t\t\t\t\t\t\t\t<\/li>\n\t\t\t\t\t\t<\/ul>\n\t\t\t\t\t\t<\/div>\n\t\t\t\t<\/div>\n\t\t\t\t<\/div>\n\t\t\t\t\t<\/div>\n\t\t\t\t<\/div>\n\t\t\t\t<\/div>","protected":false},"excerpt":{"rendered":"<p>CONT\u00c1CTANOS Escr\u00edbenos y obt\u00e9n m\u00e1s informaci\u00f3n +51 943 284 072 info@surfxperienceschool.com<\/p>","protected":false},"author":25,"featured_media":0,"parent":0,"menu_order":0,"comment_status":"closed","ping_status":"closed","template":"elementor_header_footer","meta":{"_acf_changed":false,"footnotes":""},"class_list":["post-44","page","type-page","status-publish","hentry"],"acf":[],"yoast_head":"<!-- This site is optimized with the Yoast SEO Premium plugin v25.2 (Yoast SEO v25.2) - https:\/\/yoast.com\/wordpress\/plugins\/seo\/ -->\n<title>Surf Xperience | Cont\u00e1ctanos<\/title>\n<meta name=\"description\" content=\"Clases de surf en Lima para todas las edades. Aprende a surfear en las mejores playas del Per\u00fa\" \/>\n<meta name=\"robots\" content=\"index, follow, max-snippet:-1, max-image-preview:large, max-video-preview:-1\" \/>\n<link rel=\"canonical\" href=\"https:\/\/surfxperience.pe\/en\/contactanos\/\" \/>\n<meta property=\"og:locale\" content=\"en_US\" \/>\n<meta property=\"og:type\" content=\"article\" \/>\n<meta property=\"og:title\" content=\"Surf Xperience | Cont\u00e1ctanos\" \/>\n<meta property=\"og:description\" content=\"Clases de surf en Lima para todas las edades. Aprende a surfear en las mejores playas del Per\u00fa\" \/>\n<meta property=\"og:url\" content=\"https:\/\/surfxperience.pe\/en\/contactanos\/\" \/>\n<meta property=\"og:site_name\" content=\"Surf Xperience\" \/>\n<meta property=\"article:modified_time\" content=\"2025-06-12T17:27:18+00:00\" \/>\n<meta property=\"og:image\" content=\"https:\/\/surfxperience.pe\/wp-content\/uploads\/2025\/04\/SURF-1-1.svg\" \/>\n<meta name=\"twitter:card\" content=\"summary_large_image\" \/>\n<script type=\"application\/ld+json\" class=\"yoast-schema-graph\">{\"@context\":\"https:\/\/schema.org\",\"@graph\":[{\"@type\":\"WebPage\",\"@id\":\"https:\/\/surfxperience.pe\/contactanos\/\",\"url\":\"https:\/\/surfxperience.pe\/contactanos\/\",\"name\":\"Surf Xperience | Cont\u00e1ctanos\",\"isPartOf\":{\"@id\":\"https:\/\/surfxperience.pe\/#website\"},\"primaryImageOfPage\":{\"@id\":\"https:\/\/surfxperience.pe\/contactanos\/#primaryimage\"},\"image\":{\"@id\":\"https:\/\/surfxperience.pe\/contactanos\/#primaryimage\"},\"thumbnailUrl\":\"https:\/\/surfxperience.pe\/wp-content\/uploads\/2025\/04\/SURF-1-1.svg\",\"datePublished\":\"2025-04-03T04:00:03+00:00\",\"dateModified\":\"2025-06-12T17:27:18+00:00\",\"description\":\"Clases de surf en Lima para todas las edades. Aprende a surfear en las mejores playas del Per\u00fa\",\"breadcrumb\":{\"@id\":\"https:\/\/surfxperience.pe\/contactanos\/#breadcrumb\"},\"inLanguage\":\"en-US\",\"potentialAction\":[{\"@type\":\"ReadAction\",\"target\":[\"https:\/\/surfxperience.pe\/contactanos\/\"]}]},{\"@type\":\"ImageObject\",\"inLanguage\":\"en-US\",\"@id\":\"https:\/\/surfxperience.pe\/contactanos\/#primaryimage\",\"url\":\"https:\/\/surfxperience.pe\/wp-content\/uploads\/2025\/04\/SURF-1-1.svg\",\"contentUrl\":\"https:\/\/surfxperience.pe\/wp-content\/uploads\/2025\/04\/SURF-1-1.svg\"},{\"@type\":\"BreadcrumbList\",\"@id\":\"https:\/\/surfxperience.pe\/contactanos\/#breadcrumb\",\"itemListElement\":[{\"@type\":\"ListItem\",\"position\":1,\"name\":\"Portada\",\"item\":\"https:\/\/surfxperience.pe\/\"},{\"@type\":\"ListItem\",\"position\":2,\"name\":\"Cont\u00e1ctanos\"}]},{\"@type\":\"WebSite\",\"@id\":\"https:\/\/surfxperience.pe\/#website\",\"url\":\"https:\/\/surfxperience.pe\/\",\"name\":\"Surf Xperience\",\"description\":\"Aprende a surfear en las mejores playas del Per\u00fa\",\"publisher\":{\"@id\":\"https:\/\/surfxperience.pe\/#organization\"},\"alternateName\":\"Surf Xperience\",\"potentialAction\":[{\"@type\":\"SearchAction\",\"target\":{\"@type\":\"EntryPoint\",\"urlTemplate\":\"https:\/\/surfxperience.pe\/?s={search_term_string}\"},\"query-input\":{\"@type\":\"PropertyValueSpecification\",\"valueRequired\":true,\"valueName\":\"search_term_string\"}}],\"inLanguage\":\"en-US\"},{\"@type\":\"Organization\",\"@id\":\"https:\/\/surfxperience.pe\/#organization\",\"name\":\"Surf Xperience\",\"alternateName\":\"Surf Xperience\",\"url\":\"https:\/\/surfxperience.pe\/\",\"logo\":{\"@type\":\"ImageObject\",\"inLanguage\":\"en-US\",\"@id\":\"https:\/\/surfxperience.pe\/#\/schema\/logo\/image\/\",\"url\":\"https:\/\/surfxperience.pe\/wp-content\/uploads\/2025\/04\/logo.svg\",\"contentUrl\":\"https:\/\/surfxperience.pe\/wp-content\/uploads\/2025\/04\/logo.svg\",\"width\":945,\"height\":391,\"caption\":\"Surf Xperience\"},\"image\":{\"@id\":\"https:\/\/surfxperience.pe\/#\/schema\/logo\/image\/\"},\"sameAs\":[\"https:\/\/www.instagram.com\/surfxperienceschool\/\",\"https:\/\/www.tiktok.com\/@surfxperienceschool\"],\"publishingPrinciples\":\"https:\/\/surfxperience.pe\/politica-de-privacidad\/\",\"ownershipFundingInfo\":\"https:\/\/surfxperience.pe\/terminos-y-condiciones\/\",\"actionableFeedbackPolicy\":\"https:\/\/surfxperience.pe\/terminos-y-condiciones\/\",\"correctionsPolicy\":\"https:\/\/surfxperience.pe\/politica-de-privacidad\/\",\"ethicsPolicy\":\"https:\/\/surfxperience.pe\/terminos-y-condiciones\/\",\"diversityPolicy\":\"https:\/\/surfxperience.pe\/terminos-y-condiciones\/\",\"diversityStaffingReport\":\"https:\/\/surfxperience.pe\/politica-de-privacidad\/\"}]}<\/script>\n<!-- \/ Yoast SEO Premium plugin. -->","yoast_head_json":{"title":"Surf Xperience | Cont\u00e1ctanos","description":"Clases de surf en Lima para todas las edades. Aprende a surfear en las mejores playas del Per\u00fa","robots":{"index":"index","follow":"follow","max-snippet":"max-snippet:-1","max-image-preview":"max-image-preview:large","max-video-preview":"max-video-preview:-1"},"canonical":"https:\/\/surfxperience.pe\/en\/contactanos\/","og_locale":"en_US","og_type":"article","og_title":"Surf Xperience | Cont\u00e1ctanos","og_description":"Clases de surf en Lima para todas las edades. Aprende a surfear en las mejores playas del Per\u00fa","og_url":"https:\/\/surfxperience.pe\/en\/contactanos\/","og_site_name":"Surf Xperience","article_modified_time":"2025-06-12T17:27:18+00:00","og_image":[{"url":"https:\/\/surfxperience.pe\/wp-content\/uploads\/2025\/04\/SURF-1-1.svg","type":"","width":"","height":""}],"twitter_card":"summary_large_image","schema":{"@context":"https:\/\/schema.org","@graph":[{"@type":"WebPage","@id":"https:\/\/surfxperience.pe\/contactanos\/","url":"https:\/\/surfxperience.pe\/contactanos\/","name":"Surf Xperience | Cont\u00e1ctanos","isPartOf":{"@id":"https:\/\/surfxperience.pe\/#website"},"primaryImageOfPage":{"@id":"https:\/\/surfxperience.pe\/contactanos\/#primaryimage"},"image":{"@id":"https:\/\/surfxperience.pe\/contactanos\/#primaryimage"},"thumbnailUrl":"https:\/\/surfxperience.pe\/wp-content\/uploads\/2025\/04\/SURF-1-1.svg","datePublished":"2025-04-03T04:00:03+00:00","dateModified":"2025-06-12T17:27:18+00:00","description":"Clases de surf en Lima para todas las edades. Aprende a surfear en las mejores playas del Per\u00fa","breadcrumb":{"@id":"https:\/\/surfxperience.pe\/contactanos\/#breadcrumb"},"inLanguage":"en-US","potentialAction":[{"@type":"ReadAction","target":["https:\/\/surfxperience.pe\/contactanos\/"]}]},{"@type":"ImageObject","inLanguage":"en-US","@id":"https:\/\/surfxperience.pe\/contactanos\/#primaryimage","url":"https:\/\/surfxperience.pe\/wp-content\/uploads\/2025\/04\/SURF-1-1.svg","contentUrl":"https:\/\/surfxperience.pe\/wp-content\/uploads\/2025\/04\/SURF-1-1.svg"},{"@type":"BreadcrumbList","@id":"https:\/\/surfxperience.pe\/contactanos\/#breadcrumb","itemListElement":[{"@type":"ListItem","position":1,"name":"Portada","item":"https:\/\/surfxperience.pe\/"},{"@type":"ListItem","position":2,"name":"Cont\u00e1ctanos"}]},{"@type":"WebSite","@id":"https:\/\/surfxperience.pe\/#website","url":"https:\/\/surfxperience.pe\/","name":"Surf Xperience","description":"Aprende a surfear en las mejores playas del Per\u00fa","publisher":{"@id":"https:\/\/surfxperience.pe\/#organization"},"alternateName":"Surf Xperience","potentialAction":[{"@type":"SearchAction","target":{"@type":"EntryPoint","urlTemplate":"https:\/\/surfxperience.pe\/?s={search_term_string}"},"query-input":{"@type":"PropertyValueSpecification","valueRequired":true,"valueName":"search_term_string"}}],"inLanguage":"en-US"},{"@type":"Organization","@id":"https:\/\/surfxperience.pe\/#organization","name":"Surf Xperience","alternateName":"Surf Xperience","url":"https:\/\/surfxperience.pe\/","logo":{"@type":"ImageObject","inLanguage":"en-US","@id":"https:\/\/surfxperience.pe\/#\/schema\/logo\/image\/","url":"https:\/\/surfxperience.pe\/wp-content\/uploads\/2025\/04\/logo.svg","contentUrl":"https:\/\/surfxperience.pe\/wp-content\/uploads\/2025\/04\/logo.svg","width":945,"height":391,"caption":"Surf Xperience"},"image":{"@id":"https:\/\/surfxperience.pe\/#\/schema\/logo\/image\/"},"sameAs":["https:\/\/www.instagram.com\/surfxperienceschool\/","https:\/\/www.tiktok.com\/@surfxperienceschool"],"publishingPrinciples":"https:\/\/surfxperience.pe\/politica-de-privacidad\/","ownershipFundingInfo":"https:\/\/surfxperience.pe\/terminos-y-condiciones\/","actionableFeedbackPolicy":"https:\/\/surfxperience.pe\/terminos-y-condiciones\/","correctionsPolicy":"https:\/\/surfxperience.pe\/politica-de-privacidad\/","ethicsPolicy":"https:\/\/surfxperience.pe\/terminos-y-condiciones\/","diversityPolicy":"https:\/\/surfxperience.pe\/terminos-y-condiciones\/","diversityStaffingReport":"https:\/\/surfxperience.pe\/politica-de-privacidad\/"}]}},"_links":{"self":[{"href":"https:\/\/surfxperience.pe\/en\/wp-json\/wp\/v2\/pages\/44","targetHints":{"allow":["GET"]}}],"collection":[{"href":"https:\/\/surfxperience.pe\/en\/wp-json\/wp\/v2\/pages"}],"about":[{"href":"https:\/\/surfxperience.pe\/en\/wp-json\/wp\/v2\/types\/page"}],"author":[{"embeddable":true,"href":"https:\/\/surfxperience.pe\/en\/wp-json\/wp\/v2\/users\/25"}],"replies":[{"embeddable":true,"href":"https:\/\/surfxperience.pe\/en\/wp-json\/wp\/v2\/comments?post=44"}],"version-history":[{"count":50,"href":"https:\/\/surfxperience.pe\/en\/wp-json\/wp\/v2\/pages\/44\/revisions"}],"predecessor-version":[{"id":2002,"href":"https:\/\/surfxperience.pe\/en\/wp-json\/wp\/v2\/pages\/44\/revisions\/2002"}],"wp:attachment":[{"href":"https:\/\/surfxperience.pe\/en\/wp-json\/wp\/v2\/media?parent=44"}],"curies":[{"name":"wp","href":"https:\/\/api.w.org\/{rel}","templated":true}]}}